{"id":6057,"date":"2024-03-08T11:49:47","date_gmt":"2024-03-08T10:49:47","guid":{"rendered":"https:\/\/fahrschuleammain.de\/?page_id=6057"},"modified":"2025-03-09T18:20:31","modified_gmt":"2025-03-09T17:20:31","slug":"praktischer_unterricht","status":"publish","type":"page","link":"https:\/\/erlebnis-fahrschule.com\/index.php\/praktischer_unterricht\/","title":{"rendered":"Praktischer Unterricht"},"content":{"rendered":"[vc_row type=&#8220;full_width_background&#8220; full_screen_row_position=&#8220;middle&#8220; column_margin=&#8220;default&#8220; column_direction=&#8220;default&#8220; column_direction_tablet=&#8220;default&#8220; column_direction_phone=&#8220;default&#8220; bg_image=&#8220;6301&#8243; bg_position=&#8220;center center&#8220; background_image_loading=&#8220;default&#8220; bg_repeat=&#8220;no-repeat&#8220; scene_position=&#8220;center&#8220; top_padding=&#8220;15%&#8220; bottom_padding=&#8220;13%&#8220; text_color=&#8220;dark&#8220; text_align=&#8220;left&#8220; row_border_radius=&#8220;none&#8220; row_border_radius_applies=&#8220;bg&#8220; overflow=&#8220;visible&#8220; color_overlay=&#8220;#0a0a0a&#8220; overlay_strength=&#8220;0.5&#8243; gradient_direction=&#8220;left_to_right&#8220; shape_divider_position=&#8220;bottom&#8220; bg_image_animation=&#8220;none&#8220; gradient_type=&#8220;default&#8220; shape_type=&#8220;&#8220;][vc_column column_padding=&#8220;no-extra-padding&#8220; column_padding_tablet=&#8220;inherit&#8220; column_padding_phone=&#8220;inherit&#8220; column_padding_position=&#8220;all&#8220; column_element_direction_desktop=&#8220;default&#8220; column_element_spacing=&#8220;default&#8220; desktop_text_alignment=&#8220;default&#8220; tablet_text_alignment=&#8220;default&#8220; phone_text_alignment=&#8220;default&#8220; background_color_opacity=&#8220;1&#8243; background_hover_color_opacity=&#8220;1&#8243; column_backdrop_filter=&#8220;none&#8220; column_shadow=&#8220;none&#8220; column_border_radius=&#8220;none&#8220; column_link_target=&#8220;_self&#8220; column_position=&#8220;default&#8220; gradient_direction=&#8220;left_to_right&#8220; overlay_strength=&#8220;0.3&#8243; width=&#8220;1\/1&#8243; tablet_width_inherit=&#8220;default&#8220; animation_type=&#8220;default&#8220; bg_image_animation=&#8220;none&#8220; border_type=&#8220;simple&#8220; column_border_width=&#8220;none&#8220; column_border_style=&#8220;solid&#8220;][split_line_heading animation_type=&#8220;line-reveal-by-space&#8220; font_style=&#8220;h1&#8243; text_color=&#8220;#ffffff&#8220; line_reveal_by_space_text_effect=&#8220;default&#8220; content_alignment=&#8220;default&#8220; mobile_content_alignment=&#8220;inherit&#8220; link_target=&#8220;_self&#8220; text_content=&#8220;Praktischer Unterricht&#8220; text_direction=&#8220;default&#8220;][\/split_line_heading][\/vc_column][\/vc_row][vc_row type=&#8220;in_container&#8220; full_screen_row_position=&#8220;middle&#8220; column_margin=&#8220;default&#8220; column_direction=&#8220;default&#8220; column_direction_tablet=&#8220;default&#8220; column_direction_phone=&#8220;default&#8220; scene_position=&#8220;center&#8220; top_padding=&#8220;50px&#8220; text_color=&#8220;dark&#8220; text_align=&#8220;left&#8220; row_border_radius=&#8220;none&#8220; row_border_radius_applies=&#8220;bg&#8220; overflow=&#8220;visible&#8220; overlay_strength=&#8220;0.3&#8243; gradient_direction=&#8220;left_to_right&#8220; shape_divider_position=&#8220;bottom&#8220; bg_image_animation=&#8220;none&#8220; gradient_type=&#8220;default&#8220; shape_type=&#8220;&#8220;][vc_column column_padding=&#8220;no-extra-padding&#8220; column_padding_tablet=&#8220;inherit&#8220; column_padding_phone=&#8220;inherit&#8220; column_padding_position=&#8220;all&#8220; column_element_direction_desktop=&#8220;default&#8220; column_element_spacing=&#8220;default&#8220; desktop_text_alignment=&#8220;default&#8220; tablet_text_alignment=&#8220;default&#8220; phone_text_alignment=&#8220;default&#8220; background_color_opacity=&#8220;1&#8243; background_hover_color_opacity=&#8220;1&#8243; column_backdrop_filter=&#8220;none&#8220; column_shadow=&#8220;none&#8220; column_border_radius=&#8220;none&#8220; column_link_target=&#8220;_self&#8220; column_position=&#8220;default&#8220; gradient_direction=&#8220;left_to_right&#8220; overlay_strength=&#8220;0.3&#8243; width=&#8220;1\/1&#8243; tablet_width_inherit=&#8220;default&#8220; animation_type=&#8220;default&#8220; bg_image_animation=&#8220;none&#8220; border_type=&#8220;simple&#8220; column_border_width=&#8220;none&#8220; column_border_style=&#8220;solid&#8220;][vc_column_text css_animation=&#8220;slideInUp&#8220; text_direction=&#8220;default&#8220;]\n<section class=\"text-editor aos-init aos-animate\" data-align-self=\"is-align-self-stretch\" data-mobile-order=\"1\" data-mobile-bg=\"\/media\/background_mobile\/\" data-aos=\"fade-up\">\n<div class=\"text-editor__item\">\n<h2>Praktischer Unterricht<\/h2>\n<p class=\"p1\">Du durchl\u00e4ufst in meinem <span class=\"s1\">praktischen <\/span>Unterricht <span class=\"s1\">f\u00fcnf <\/span>Stufen der Ausbildung. Die Grund-, Aufbau- <span class=\"s1\">und Leistungsstufe sowie die besonderen Ausbildungsfahrten <\/span>und die Reife-\/<span class=\"s1\">Pr\u00fcfungsstufe<\/span>.<\/p>\n<p class=\"p1\">Grundstufe: Hier setzt du <span class=\"s1\">die <\/span>erlernten Bedienungsabl\u00e4ufe vom Simulator <span class=\"s1\">in der realen Praxis <\/span>um und \u00fcbst die Bedienung eines echten Fahrzeuges.<\/p>\n<p class=\"p1\">Aufbaustufe: Unter Anleitung <span class=\"s1\">wendest <\/span>du <span class=\"s1\">die <\/span>erlernten Verkehrsvorg\u00e4nge aus der Theorie und den Simulatorstunden <span class=\"s1\">im echten Stra\u00dfenverkehr an<\/span>. (Abbiegen, Vorbeifahren, Spurwechsel und Kreisverkehre befahren)<\/p>\n<p class=\"p1\">Leistungsstufe: <span class=\"s1\">Um wirklich gut Auto zu fahren ist es wichtig, Regeln zu befolgen<\/span>. Hier setzt du alle Verkehrsregeln um und lernst das selbstst\u00e4ndige Fahren unter Beachtung aller Vorfahrts- und <span class=\"s1\">Vorrangregeln<\/span>. Du erlernst das Wahrnehmen von Gefahren und wirst auf diese sensibilisiert. <span class=\"s1\">Somit lernen wir gemeinsam, wie du sicher unterwegs sein wirst und Unf\u00e4lle durch vorausschauendes Fahren vermeidest.<\/span><\/p>\n<p class=\"p2\"><span class=\"s2\">Besondere Ausbildungsfahrten: <\/span>\u00dcberland-, Autobahn- <span class=\"s2\">&amp; Nachtfahrt. <\/span>Hier macht das Autofahren richtig Laune <span class=\"s3\">\u263a<\/span><span class=\"s2\">. <\/span>In der Stadt bist du jetzt schon richtig gut unterwegs. Um perfekt auf deine Fahrerkarriere vorbereitet zu ein, sind diese besonderen Stunden ein weiterer zentraler Teil meiner Ausbildung. Auf dieser Stufe solltest du nun komplett selbstst\u00e4ndig fahren k\u00f6nnen, um dich auf die besonderen Gegebenheiten dieser Fahrten optimal konzentrieren zu k\u00f6nnen (D\u00e4mmerung, Dunkelheit, Streckenverl\u00e4ufe, h\u00f6here Geschwindigkeiten usw<span class=\"s2\">.). <\/span>Schlie\u00dflich gewinnst du in dieser Ausbildungsstufe an Sicherheit, da der Abschluss deiner Fahrschulzeit kurz bevorsteht<span class=\"s2\">.<\/span><\/p>\n<p class=\"p3\">Reife-&amp; Pr\u00fcfungsstufe: Nun ist es endlich soweit. Du f\u00e4hrst <span class=\"s1\">sicher und selbstbewusst <\/span>ganz alleine. Ich fungiere nur noch als Navigationsger\u00e4t und bewerte deinen <span class=\"s1\">Fahrstil<\/span>. Wie der Name schon <span class=\"s1\">sagt, <\/span>geht es Richtung Pr\u00fcfung. Ich teste dich und wir besprechen deine letzten Fehler. <span class=\"s1\">Wir spielen gemeinsam die Fahrpr\u00fcfung durch und du erh\u00e4ltst den Feinschliff, damit du die Pr\u00fcfung im Idealfall auch direkt beim ersten Mal bestehst. Das schont Nerven und Gelbbeutel \ud83d\ude09<\/span><\/p>\n<\/div>\n<\/section>\n<section class=\"text-editor aos-init aos-animate\" data-align-self=\"is-align-self-stretch\" data-mobile-order=\"1\" data-mobile-bg=\"\/media\/background_mobile\/\" data-aos=\"fade-up\">\n<div class=\"text-editor__item\"><\/div>\n<\/section>\n[\/vc_column_text][\/vc_column][\/vc_row]\n","protected":false},"excerpt":{"rendered":"<p>[vc_row type=&#8220;full_width_background&#8220; full_screen_row_position=&#8220;middle&#8220; column_margin=&#8220;default&#8220; column_direction=&#8220;default&#8220; column_direction_tablet=&#8220;default&#8220; column_direction_phone=&#8220;default&#8220; bg_image=&#8220;6301&#8243; bg_position=&#8220;center center&#8220; background_image_loading=&#8220;default&#8220; bg_repeat=&#8220;no-repeat&#8220; scene_position=&#8220;center&#8220; top_padding=&#8220;15%&#8220; bottom_padding=&#8220;13%&#8220; text_color=&#8220;dark&#8220; text_align=&#8220;left&#8220; row_border_radius=&#8220;none&#8220; row_border_radius_applies=&#8220;bg&#8220; overflow=&#8220;visible&#8220; color_overlay=&#8220;#0a0a0a&#8220; overlay_strength=&#8220;0.5&#8243; gradient_direction=&#8220;left_to_right&#8220; shape_divider_position=&#8220;bottom&#8220; bg_image_animation=&#8220;none&#8220; gradient_type=&#8220;default&#8220; shape_type=&#8220;&#8220;][vc_column column_padding=&#8220;no-extra-padding&#8220; column_padding_tablet=&#8220;inherit&#8220; column_padding_phone=&#8220;inherit&#8220;&#8230;<\/p>\n","protected":false},"author":1,"featured_media":0,"parent":0,"menu_order":0,"comment_status":"closed","ping_status":"closed","template":"","meta":{"footnotes":""},"class_list":["post-6057","page","type-page","status-publish"],"_links":{"self":[{"href":"https:\/\/erlebnis-fahrschule.com\/index.php\/wp-json\/wp\/v2\/pages\/6057","targetHints":{"allow":["GET"]}}],"collection":[{"href":"https:\/\/erlebnis-fahrschule.com\/index.php\/wp-json\/wp\/v2\/pages"}],"about":[{"href":"https:\/\/erlebnis-fahrschule.com\/index.php\/wp-json\/wp\/v2\/types\/page"}],"author":[{"embeddable":true,"href":"https:\/\/erlebnis-fahrschule.com\/index.php\/wp-json\/wp\/v2\/users\/1"}],"replies":[{"embeddable":true,"href":"https:\/\/erlebnis-fahrschule.com\/index.php\/wp-json\/wp\/v2\/comments?post=6057"}],"version-history":[{"count":11,"href":"https:\/\/erlebnis-fahrschule.com\/index.php\/wp-json\/wp\/v2\/pages\/6057\/revisions"}],"predecessor-version":[{"id":6340,"href":"https:\/\/erlebnis-fahrschule.com\/index.php\/wp-json\/wp\/v2\/pages\/6057\/revisions\/6340"}],"wp:attachment":[{"href":"https:\/\/erlebnis-fahrschule.com\/index.php\/wp-json\/wp\/v2\/media?parent=6057"}],"curies":[{"name":"wp","href":"https:\/\/api.w.org\/{rel}","templated":true}]}}